{"id":823,"date":"2025-10-28T12:24:33","date_gmt":"2025-10-28T11:24:33","guid":{"rendered":"https:\/\/fabianlaw.hu\/?page_id=823"},"modified":"2026-02-20T10:13:43","modified_gmt":"2026-02-20T09:13:43","slug":"kapcsolat","status":"publish","type":"page","link":"https:\/\/fabianlaw.hu\/index.php\/kapcsolat\/","title":{"rendered":"Kapcsolat"},"content":{"rendered":"\t\t<div data-elementor-type=\"wp-page\" data-elementor-id=\"823\" class=\"elementor elementor-823\" data-elementor-post-type=\"page\">\n\t\t\t\t<div class=\"elementor-element elementor-element-41cd7cb e-flex e-con-boxed e-con e-parent\" data-id=\"41cd7cb\" data-element_type=\"container\" data-e-type=\"container\" data-settings=\"{&quot;background_background&quot;:&quot;slideshow&quot;,&quot;background_slideshow_gallery&quot;:[{&quot;id&quot;:1126,&quot;url&quot;:&quot;https:\\\/\\\/fabianlaw.hu\\\/wp-content\\\/uploads\\\/2025\\\/11\\\/FabianLaw-hatter-scaled.jpeg&quot;}],&quot;background_slideshow_loop&quot;:&quot;yes&quot;,&quot;background_slideshow_slide_duration&quot;:5000,&quot;background_slideshow_slide_transition&quot;:&quot;fade&quot;,&quot;background_slideshow_transition_duration&quot;:500}\">\n\t\t\t\t\t<div class=\"e-con-inner\">\n\t\t<div class=\"elementor-element elementor-element-d8ebdf7 e-con-full e-flex e-con e-child\" data-id=\"d8ebdf7\" data-element_type=\"container\" data-e-type=\"container\">\n\t\t\t\t<div class=\"elementor-element elementor-element-ef26e36 elementor-widget elementor-widget-heading\" data-id=\"ef26e36\" data-element_type=\"widget\" data-e-type=\"widget\" data-widget_type=\"heading.default\">\n\t\t\t\t\t<h4 class=\"elementor-heading-title elementor-size-default\">Kapcsolat \u00e9s id\u0151pontfoglal\u00e1s<\/h4>\t\t\t\t<\/div>\n\t\t\t\t<div class=\"elementor-element elementor-element-7e2ceef elementor-widget elementor-widget-heading\" data-id=\"7e2ceef\" data-element_type=\"widget\" data-e-type=\"widget\" data-widget_type=\"heading.default\">\n\t\t\t\t\t<h1 class=\"elementor-heading-title elementor-size-default\">K\u00e9rjen konzult\u00e1ci\u00f3t, \u00e9s alak\u00edtsuk ki egy\u00fctt a jogi strat\u00e9gi\u00e1t<\/h1>\t\t\t\t<\/div>\n\t\t\t\t<div class=\"elementor-element elementor-element-bfd6557 elementor-widget-divider--view-line elementor-widget elementor-widget-divider\" data-id=\"bfd6557\" data-element_type=\"widget\" data-e-type=\"widget\" data-widget_type=\"divider.default\">\n\t\t\t\t\t\t\t<div class=\"elementor-divider\">\n\t\t\t<span class=\"elementor-divider-separator\">\n\t\t\t\t\t\t<\/span>\n\t\t<\/div>\n\t\t\t\t\t\t<\/div>\n\t\t\t\t<div class=\"elementor-element elementor-element-db82b31 elementor-widget elementor-widget-text-editor\" data-id=\"db82b31\" data-element_type=\"widget\" data-e-type=\"widget\" data-widget_type=\"text-editor.default\">\n\t\t\t\t\t\t\t\t\t<p>Ak\u00e1r konzult\u00e1ci\u00f3ra, ak\u00e1r jogi k\u00e9pviseletre van sz\u00fcks\u00e9ge, az els\u0151 l\u00e9p\u00e9s a kapcsolatfelv\u00e9tel.<\/p><p>T\u00f6ltse ki az al\u00e1bbi \u0171rlapot, \u00e9s r\u00f6vid id\u0151n bel\u00fcl visszajelz\u00fcnk.<\/p>\t\t\t\t\t\t\t\t<\/div>\n\t\t\t\t<\/div>\n\t\t\t\t\t<\/div>\n\t\t\t\t<\/div>\n\t\t<div class=\"elementor-element elementor-element-78cc355 e-flex e-con-boxed e-con e-parent\" data-id=\"78cc355\" data-element_type=\"container\" data-e-type=\"container\" id=\"urlap\" data-settings=\"{&quot;background_background&quot;:&quot;classic&quot;}\">\n\t\t\t\t\t<div class=\"e-con-inner\">\n\t\t<div class=\"elementor-element elementor-element-efc7452 e-con-full e-flex e-con e-child\" data-id=\"efc7452\" data-element_type=\"container\" data-e-type=\"container\">\n\t\t\t\t<div class=\"elementor-element elementor-element-4ecbedb elementor-widget elementor-widget-heading\" data-id=\"4ecbedb\" data-element_type=\"widget\" data-e-type=\"widget\" data-widget_type=\"heading.default\">\n\t\t\t\t\t<h4 class=\"elementor-heading-title elementor-size-default\">L\u00e9pjen vel\u00fcnk kapcsolatba n\u00e9h\u00e1ny perc alatt<\/h4>\t\t\t\t<\/div>\n\t\t\t\t<div class=\"elementor-element elementor-element-ca6f0ed animated-slow elementor-invisible elementor-widget elementor-widget-heading\" data-id=\"ca6f0ed\" data-element_type=\"widget\" data-e-type=\"widget\" data-settings=\"{&quot;_animation&quot;:&quot;fadeIn&quot;}\" data-widget_type=\"heading.default\">\n\t\t\t\t\t<h2 class=\"elementor-heading-title elementor-size-default\">K\u00fcldje el k\u00e9rd\u00e9s\u00e9t, \u00e9s mi r\u00f6videsen v\u00e1laszolunk.<\/h2>\t\t\t\t<\/div>\n\t\t\t\t<div class=\"elementor-element elementor-element-3bce868 elementor-invisible elementor-widget elementor-widget-text-editor\" data-id=\"3bce868\" data-element_type=\"widget\" data-e-type=\"widget\" data-settings=\"{&quot;_animation&quot;:&quot;fadeIn&quot;,&quot;_animation_delay&quot;:200}\" data-widget_type=\"text-editor.default\">\n\t\t\t\t\t\t\t\t\t<p>Ak\u00e1r egy konkr\u00e9t jogi \u00fcgyben k\u00e9rne tan\u00e1csot, ak\u00e1r csak szeretn\u00e9 tiszt\u00e1bban l\u00e1tni a lehet\u0151s\u00e9geit, j\u00f3 helyen j\u00e1r.<\/p><p>T\u00f6ltse ki az al\u00e1bbi \u0171rlapot, \u00e9s felvessz\u00fck \u00d6nnel a kapcsolatot, hogy egyeztess\u00fck a konzult\u00e1ci\u00f3 id\u0151pontj\u00e1t.<\/p>\t\t\t\t\t\t\t\t<\/div>\n\t\t\t\t<\/div>\n\t\t\t\t\t<\/div>\n\t\t\t\t<\/div>\n\t\t<div class=\"elementor-element elementor-element-d3c4808 e-flex e-con-boxed e-con e-parent\" data-id=\"d3c4808\" data-element_type=\"container\" data-e-type=\"container\" data-settings=\"{&quot;background_background&quot;:&quot;classic&quot;}\">\n\t\t\t\t\t<div class=\"e-con-inner\">\n\t\t<div class=\"elementor-element elementor-element-ccbfae7 e-con-full e-flex e-con e-child\" data-id=\"ccbfae7\" data-element_type=\"container\" data-e-type=\"container\" data-settings=\"{&quot;background_background&quot;:&quot;classic&quot;}\">\n\t\t\t\t<div class=\"elementor-element elementor-element-af366fc elementor-button-align-stretch elementor-widget elementor-widget-form\" data-id=\"af366fc\" data-element_type=\"widget\" data-e-type=\"widget\" data-settings=\"{&quot;step_next_label&quot;:&quot;K\\u00f6vetkez\\u0151&quot;,&quot;step_previous_label&quot;:&quot;El\\u0151z\\u0151&quot;,&quot;button_width&quot;:&quot;100&quot;,&quot;step_type&quot;:&quot;number_text&quot;,&quot;step_icon_shape&quot;:&quot;circle&quot;}\" data-widget_type=\"form.default\">\n\t\t\t\t\t\t\t<form class=\"elementor-form\" method=\"post\" name=\"\u00daj \u0171rlap\" aria-label=\"\u00daj \u0171rlap\">\n\t\t\t<input type=\"hidden\" name=\"post_id\" value=\"823\"\/>\n\t\t\t<input type=\"hidden\" name=\"form_id\" value=\"af366fc\"\/>\n\t\t\t<input type=\"hidden\" name=\"referer_title\" value=\"Kapcsolat \u2013 dr. F\u00e1bi\u00e1n Oliv\u00e9r \u00fcgyv\u00e9d | Jogi tan\u00e1csad\u00e1s \u00e9s k\u00e9pviselet Budapesten\" \/>\n\n\t\t\t\t\t\t\t<input type=\"hidden\" name=\"queried_id\" value=\"823\"\/>\n\t\t\t\n\t\t\t<div class=\"elementor-form-fields-wrapper elementor-labels-\">\n\t\t\t\t\t\t\t\t<div class=\"elementor-field-type-text elementor-field-group elementor-column elementor-field-group-name elementor-col-100\">\n\t\t\t\t\t\t\t\t\t\t\t\t<label for=\"form-field-name\" class=\"elementor-field-label elementor-screen-only\">\n\t\t\t\t\t\t\t\tN\u00e9v\t\t\t\t\t\t\t<\/label>\n\t\t\t\t\t\t\t\t\t\t\t\t\t\t<input size=\"1\" type=\"text\" name=\"form_fields[name]\" id=\"form-field-name\" class=\"elementor-field elementor-size-sm  elementor-field-textual\" placeholder=\"N\u00e9v\">\n\t\t\t\t\t\t\t\t\t\t\t<\/div>\n\t\t\t\t\t\t\t\t<div class=\"elementor-field-type-email elementor-field-group elementor-column elementor-field-group-email elementor-col-100 elementor-field-required\">\n\t\t\t\t\t\t\t\t\t\t\t\t<label for=\"form-field-email\" class=\"elementor-field-label elementor-screen-only\">\n\t\t\t\t\t\t\t\tEmail\t\t\t\t\t\t\t<\/label>\n\t\t\t\t\t\t\t\t\t\t\t\t\t\t<input size=\"1\" type=\"email\" name=\"form_fields[email]\" id=\"form-field-email\" class=\"elementor-field elementor-size-sm  elementor-field-textual\" placeholder=\"Email\" required=\"required\">\n\t\t\t\t\t\t\t\t\t\t\t<\/div>\n\t\t\t\t\t\t\t\t<div class=\"elementor-field-type-text elementor-field-group elementor-column elementor-field-group-field_5ba4a75 elementor-col-100\">\n\t\t\t\t\t\t\t\t\t\t\t\t<label for=\"form-field-field_5ba4a75\" class=\"elementor-field-label elementor-screen-only\">\n\t\t\t\t\t\t\t\tTelefon\t\t\t\t\t\t\t<\/label>\n\t\t\t\t\t\t\t\t\t\t\t\t\t\t<input size=\"1\" type=\"text\" name=\"form_fields[field_5ba4a75]\" id=\"form-field-field_5ba4a75\" class=\"elementor-field elementor-size-sm  elementor-field-textual\" placeholder=\"Telefon\">\n\t\t\t\t\t\t\t\t\t\t\t<\/div>\n\t\t\t\t\t\t\t\t<div class=\"elementor-field-type-checkbox elementor-field-group elementor-column elementor-field-group-field_ce91763 elementor-col-100\">\n\t\t\t\t\t\t\t\t\t\t\t\t<label for=\"form-field-field_ce91763\" class=\"elementor-field-label elementor-screen-only\">\n\t\t\t\t\t\t\t\tVisszah\u00edv\u00e1s\t\t\t\t\t\t\t<\/label>\n\t\t\t\t\t\t<div class=\"elementor-field-subgroup  \"><span class=\"elementor-field-option\"><input type=\"checkbox\" value=\"Visszah\u00edv\u00e1st k\u00e9rek\" id=\"form-field-field_ce91763-0\" name=\"form_fields[field_ce91763]\"> <label for=\"form-field-field_ce91763-0\">Visszah\u00edv\u00e1st k\u00e9rek<\/label><\/span><\/div>\t\t\t\t<\/div>\n\t\t\t\t\t\t\t\t<div class=\"elementor-field-type-textarea elementor-field-group elementor-column elementor-field-group-message elementor-col-100\">\n\t\t\t\t\t\t\t\t\t\t\t\t<label for=\"form-field-message\" class=\"elementor-field-label elementor-screen-only\">\n\t\t\t\t\t\t\t\t\u00dczenet\t\t\t\t\t\t\t<\/label>\n\t\t\t\t\t\t<textarea class=\"elementor-field-textual elementor-field  elementor-size-sm\" name=\"form_fields[message]\" id=\"form-field-message\" rows=\"4\" placeholder=\"\u00dczenet\"><\/textarea>\t\t\t\t<\/div>\n\t\t\t\t\t\t\t\t<div class=\"elementor-field-type-acceptance elementor-field-group elementor-column elementor-field-group-field_c2b22ca elementor-col-100\">\n\t\t\t\t\t\t\t\t\t\t\t\t<label for=\"form-field-field_c2b22ca\" class=\"elementor-field-label elementor-screen-only\">\n\t\t\t\t\t\t\t\tAdatkezel\u00e9si\t\t\t\t\t\t\t<\/label>\n\t\t\t\t\t\t\t\t<div class=\"elementor-field-subgroup\">\n\t\t\t<span class=\"elementor-field-option\">\n\t\t\t\t<input type=\"checkbox\" name=\"form_fields[field_c2b22ca]\" id=\"form-field-field_c2b22ca\" class=\"elementor-field elementor-size-sm  elementor-acceptance-field\">\n\t\t\t\t<label for=\"form-field-field_c2b22ca\">Elolvastam \u00e9s elfogadom az <a href=\"https:\/\/fabianlaw.hu\/index.php\/adatkezelesi-tajekoztato\/\" target=\"_blank\" style=\"color: red; font-weight: bold;\">Adatkezel\u00e9si t\u00e1j\u00e9koztat\u00f3t<\/a><\/label>\t\t\t<\/span>\n\t\t<\/div>\n\t\t\t\t\t\t<\/div>\n\t\t\t\t\t\t\t\t<div class=\"elementor-field-group elementor-column elementor-field-type-submit elementor-col-100 e-form__buttons\">\n\t\t\t\t\t<button class=\"elementor-button elementor-size-sm\" type=\"submit\">\n\t\t\t\t\t\t<span class=\"elementor-button-content-wrapper\">\n\t\t\t\t\t\t\t\t\t\t\t\t\t\t\t\t\t\t\t\t\t\t<span class=\"elementor-button-text\">K\u00fcld\u00e9s<\/span>\n\t\t\t\t\t\t\t\t\t\t\t\t\t<\/span>\n\t\t\t\t\t<\/button>\n\t\t\t\t<\/div>\n\t\t\t<\/div>\n\t\t<\/form>\n\t\t\t\t\t\t<\/div>\n\t\t\t\t<\/div>\n\t\t\t\t\t<\/div>\n\t\t\t\t<\/div>\n\t\t<div class=\"elementor-element elementor-element-f27dd2a e-flex e-con-boxed e-con e-parent\" data-id=\"f27dd2a\" data-element_type=\"container\" data-e-type=\"container\" data-settings=\"{&quot;background_background&quot;:&quot;classic&quot;}\">\n\t\t\t\t\t<div class=\"e-con-inner\">\n\t\t\t\t<div class=\"elementor-element elementor-element-6be1e92 elementor-widget elementor-widget-google_maps\" data-id=\"6be1e92\" data-element_type=\"widget\" data-e-type=\"widget\" data-widget_type=\"google_maps.default\">\n\t\t\t\t\t\t\t<div class=\"elementor-custom-embed\">\n\t\t\t<iframe loading=\"lazy\"\n\t\t\t\t\tsrc=\"https:\/\/maps.google.com\/maps?q=1062%20Budapest%2C%20Andr%C3%A1ssy%20%C3%BAt%20113.&#038;t=m&#038;z=10&#038;output=embed&#038;iwloc=near\"\n\t\t\t\t\ttitle=\"1062 Budapest, Andr\u00e1ssy \u00fat 113.\"\n\t\t\t\t\taria-label=\"1062 Budapest, Andr\u00e1ssy \u00fat 113.\"\n\t\t\t><\/iframe>\n\t\t<\/div>\n\t\t\t\t\t\t<\/div>\n\t\t\t\t\t<\/div>\n\t\t\t\t<\/div>\n\t\t<div class=\"elementor-element elementor-element-838fd02 e-flex e-con-boxed e-con e-parent\" data-id=\"838fd02\" data-element_type=\"container\" data-e-type=\"container\" data-settings=\"{&quot;background_background&quot;:&quot;classic&quot;}\">\n\t\t\t\t\t<div class=\"e-con-inner\">\n\t\t<div class=\"elementor-element elementor-element-346a35c e-con-full e-flex e-con e-child\" data-id=\"346a35c\" data-element_type=\"container\" data-e-type=\"container\">\n\t\t\t\t<div class=\"elementor-element elementor-element-cfeda6f elementor-widget elementor-widget-heading\" data-id=\"cfeda6f\" data-element_type=\"widget\" data-e-type=\"widget\" data-widget_type=\"heading.default\">\n\t\t\t\t\t<h4 class=\"elementor-heading-title elementor-size-default\">El\u00e9rhet\u0151s\u00e9geink<\/h4>\t\t\t\t<\/div>\n\t\t\t\t<div class=\"elementor-element elementor-element-e945442 animated-slow elementor-invisible elementor-widget elementor-widget-heading\" data-id=\"e945442\" data-element_type=\"widget\" data-e-type=\"widget\" data-settings=\"{&quot;_animation&quot;:&quot;fadeIn&quot;}\" data-widget_type=\"heading.default\">\n\t\t\t\t\t<h2 class=\"elementor-heading-title elementor-size-default\">Dr. F\u00e1bi\u00e1n Oliv\u00e9r \u00fcgyv\u00e9d<\/h2>\t\t\t\t<\/div>\n\t\t\t\t<div class=\"elementor-element elementor-element-c386bdc elementor-invisible elementor-widget elementor-widget-text-editor\" data-id=\"c386bdc\" data-element_type=\"widget\" data-e-type=\"widget\" data-settings=\"{&quot;_animation&quot;:&quot;fadeIn&quot;,&quot;_animation_delay&quot;:200}\" data-widget_type=\"text-editor.default\">\n\t\t\t\t\t\t\t\t\t<p>Az iroda k\u00f6nnyen megk\u00f6zel\u00edthet\u0151 aut\u00f3val \u00e9s t\u00f6megk\u00f6zleked\u00e9ssel is. Parkol\u00e1si lehet\u0151s\u00e9g a k\u00f6zelben biztos\u00edtott.<\/p>\t\t\t\t\t\t\t\t<\/div>\n\t\t\t\t<div class=\"elementor-element elementor-element-ca0545d elementor-invisible elementor-widget elementor-widget-text-editor\" data-id=\"ca0545d\" data-element_type=\"widget\" data-e-type=\"widget\" data-settings=\"{&quot;_animation&quot;:&quot;fadeIn&quot;,&quot;_animation_delay&quot;:200}\" data-widget_type=\"text-editor.default\">\n\t\t\t\t\t\t\t\t\t<p><strong>Nyitvatart\u00e1s:<\/strong> H\u2013P 9:00\u201317:00<\/p><p><strong>E-mail:<\/strong> iroda@fabianlaw.hu<\/p><p><strong>C\u00edm:<\/strong> 1062 Budapest, Andr\u00e1ssy \u00fat 113.<\/p>\t\t\t\t\t\t\t\t<\/div>\n\t\t\t\t<\/div>\n\t\t\t\t\t<\/div>\n\t\t\t\t<\/div>\n\t\t<div class=\"elementor-element elementor-element-2b57866a e-flex e-con-boxed e-con e-parent\" data-id=\"2b57866a\" data-element_type=\"container\" data-e-type=\"container\" data-settings=\"{&quot;background_background&quot;:&quot;classic&quot;}\">\n\t\t\t\t\t<div class=\"e-con-inner\">\n\t\t\t\t<div class=\"elementor-element elementor-element-74ff2a3b animated-slow elementor-invisible elementor-widget elementor-widget-heading\" data-id=\"74ff2a3b\" data-element_type=\"widget\" data-e-type=\"widget\" data-settings=\"{&quot;_animation&quot;:&quot;fadeIn&quot;}\" data-widget_type=\"heading.default\">\n\t\t\t\t\t<h2 class=\"elementor-heading-title elementor-size-default\">Ne halogassa a megold\u00e1st!<\/h2>\t\t\t\t<\/div>\n\t\t\t\t<div class=\"elementor-element elementor-element-35d22394 elementor-invisible elementor-widget elementor-widget-text-editor\" data-id=\"35d22394\" data-element_type=\"widget\" data-e-type=\"widget\" data-settings=\"{&quot;_animation&quot;:&quot;fadeIn&quot;,&quot;_animation_delay&quot;:200}\" data-widget_type=\"text-editor.default\">\n\t\t\t\t\t\t\t\t\t<p>Egy konzult\u00e1ci\u00f3 is el\u00e9g ahhoz, hogy tiszt\u00e1bban l\u00e1ssa a helyzet\u00e9t \u00e9s biztosabb legyen a d\u00f6nt\u00e9seiben.<\/p><p>Foglaljon id\u0151pontot, \u00e9s dolgozzuk ki egy\u00fctt a legjobb strat\u00e9gi\u00e1t.<\/p>\t\t\t\t\t\t\t\t<\/div>\n\t\t\t\t<div class=\"elementor-element elementor-element-7c9d119 elementor-align-center elementor-widget elementor-widget-button\" data-id=\"7c9d119\" data-element_type=\"widget\" data-e-type=\"widget\" data-widget_type=\"button.default\">\n\t\t\t\t\t\t\t\t\t\t<a class=\"elementor-button elementor-button-link elementor-size-sm\" href=\"#urlap\">\n\t\t\t\t\t\t<span class=\"elementor-button-content-wrapper\">\n\t\t\t\t\t\t<span class=\"elementor-button-icon\">\n\t\t\t\t<svg aria-hidden=\"true\" class=\"e-font-icon-svg e-fas-long-arrow-alt-right\" viewBox=\"0 0 448 512\" xmlns=\"http:\/\/www.w3.org\/2000\/svg\"><path d=\"M313.941 216H12c-6.627 0-12 5.373-12 12v56c0 6.627 5.373 12 12 12h301.941v46.059c0 21.382 25.851 32.09 40.971 16.971l86.059-86.059c9.373-9.373 9.373-24.569 0-33.941l-86.059-86.059c-15.119-15.119-40.971-4.411-40.971 16.971V216z\"><\/path><\/svg>\t\t\t<\/span>\n\t\t\t\t\t\t\t\t\t<span class=\"elementor-button-text\">Id\u0151pontot k\u00e9rek<\/span>\n\t\t\t\t\t<\/span>\n\t\t\t\t\t<\/a>\n\t\t\t\t\t\t\t\t<\/div>\n\t\t\t\t\t<\/div>\n\t\t\t\t<\/div>\n\t\t\t\t<\/div>\n\t\t","protected":false},"excerpt":{"rendered":"<p>Kapcsolat \u00e9s id\u0151pontfoglal\u00e1s K\u00e9rjen konzult\u00e1ci\u00f3t, \u00e9s alak\u00edtsuk ki egy\u00fctt a jogi strat\u00e9gi\u00e1t Ak\u00e1r konzult\u00e1ci\u00f3ra, ak\u00e1r jogi k\u00e9pviseletre van sz\u00fcks\u00e9ge, az els\u0151 l\u00e9p\u00e9s a kapcsolatfelv\u00e9tel. T\u00f6ltse ki az al\u00e1bbi \u0171rlapot, \u00e9s r\u00f6vid id\u0151n bel\u00fcl visszajelz\u00fcnk. L\u00e9pjen vel\u00fcnk kapcsolatba n\u00e9h\u00e1ny perc alatt K\u00fcldje el k\u00e9rd\u00e9s\u00e9t, \u00e9s mi r\u00f6videsen v\u00e1laszolunk. Ak\u00e1r egy konkr\u00e9t jogi \u00fcgyben k\u00e9rne tan\u00e1csot, ak\u00e1r [&hellip;]<\/p>\n","protected":false},"author":2,"featured_media":0,"parent":0,"menu_order":0,"comment_status":"closed","ping_status":"closed","template":"","meta":{"footnotes":""},"class_list":["post-823","page","type-page","status-publish","hentry"],"_links":{"self":[{"href":"https:\/\/fabianlaw.hu\/index.php\/wp-json\/wp\/v2\/pages\/823","targetHints":{"allow":["GET"]}}],"collection":[{"href":"https:\/\/fabianlaw.hu\/index.php\/wp-json\/wp\/v2\/pages"}],"about":[{"href":"https:\/\/fabianlaw.hu\/index.php\/wp-json\/wp\/v2\/types\/page"}],"author":[{"embeddable":true,"href":"https:\/\/fabianlaw.hu\/index.php\/wp-json\/wp\/v2\/users\/2"}],"replies":[{"embeddable":true,"href":"https:\/\/fabianlaw.hu\/index.php\/wp-json\/wp\/v2\/comments?post=823"}],"version-history":[{"count":88,"href":"https:\/\/fabianlaw.hu\/index.php\/wp-json\/wp\/v2\/pages\/823\/revisions"}],"predecessor-version":[{"id":1420,"href":"https:\/\/fabianlaw.hu\/index.php\/wp-json\/wp\/v2\/pages\/823\/revisions\/1420"}],"wp:attachment":[{"href":"https:\/\/fabianlaw.hu\/index.php\/wp-json\/wp\/v2\/media?parent=823"}],"curies":[{"name":"wp","href":"https:\/\/api.w.org\/{rel}","templated":true}]}}